{"id":78,"date":"2017-12-12T11:24:21","date_gmt":"2017-12-12T15:24:21","guid":{"rendered":"http:\/\/ayuntamiento.guineo\/transparencia\/?page_id=78"},"modified":"2022-12-26T17:38:03","modified_gmt":"2022-12-26T21:38:03","slug":"definicion-oaim-oficina-de-acceso-a-la-informacion-municipal","status":"publish","type":"page","link":"https:\/\/juntamunicipalsanjosedeelpuerto.gob.do\/transparencia\/definicion-oaim-oficina-de-acceso-a-la-informacion-municipal\/","title":{"rendered":"Definici\u00f3n OAIM (Oficina de Acceso a la Informaci\u00f3n Municipal)"},"content":{"rendered":"<div id=\"pu47657\" class=\"clearfix colelem\">\n<div id=\"u47646-4\" class=\"clearfix grpelem shared_content\" data-muse-uid=\"U47646\" data-muse-type=\"txt_frame\" data-ibe-flags=\"txtStyleSrc\" data-content-guid=\"u47646-4_content\">\n<h1 id=\"u47646-2\">Oficina de Libre Acceso a la Informaci\u00f3n P\u00fablica<\/h1>\n<\/div>\n<\/div>\n<div id=\"u47647-8\" class=\"clearfix colelem shared_content\" data-muse-uid=\"U47647\" data-muse-type=\"txt_frame\" data-ibe-flags=\"txtStyleSrc\" data-content-guid=\"u47647-8_content\">\n<p><span id=\"u47647\">Definici\u00f3n OAI<\/span>\u00a0(Oficina de Acceso a la Informaci\u00f3n)<\/p>\n<p>La Oficina de Acceso a la Informaci\u00f3n (OAI), es un mandato de la Ley General de Libre Acceso a la Informaci\u00f3n P\u00fablica Ley 200-04 y el Decreto No. 130-05 que crea el reglamento de dicha ley, con el objetivo de apoyar a entidades y personas tanto p\u00fablicas como privadas otorg\u00e1ndoles las informaciones solicitadas.<\/p>\n<\/div>\n<div id=\"u47648-13\" class=\"clearfix colelem shared_content\" data-muse-uid=\"U47648\" data-muse-type=\"txt_frame\" data-ibe-flags=\"txtStyleSrc\" data-content-guid=\"u47648-13_content\">\n<p><span id=\"u47648\">Misi\u00f3n:<\/span>\u00a0Garantizar el acceso a las informaciones contenidas en actas y expedientes de la administraci\u00f3n p\u00fablica de nuestra instituci\u00f3n, as\u00ed como su publicidad, y las actuaciones de sus funcionarios dentro de los l\u00edmites que establece la ley por medio de un servicio permanente, diligente y actualizado.<\/p>\n<p><span id=\"u47648-5\">Visi\u00f3n:<\/span>\u00a0Ser una entidad ejemplo del respeto al derecho que tiene la ciudadan\u00eda a solicitar y recibir informaci\u00f3n p\u00fablica, para fortalecimiento de la institucionalidad y fomentaci\u00f3n de una cultura de transparencia.<\/p>\n<p><span id=\"u47648-9\">Valores:\u00a0<\/span>Transparencia \/ Integridad \/ Diligencia \/ Vocaci\u00f3n de servicio<\/p>\n<\/div>\n<div id=\"u47649-14\" class=\"clearfix colelem shared_content\" data-muse-uid=\"U47649\" data-muse-type=\"txt_frame\" data-ibe-flags=\"txtStyleSrc\" data-content-guid=\"u47649-14_content\">\n<p id=\"u47649-2\">Proceso de Solicitud de Informaci\u00f3n:<\/p>\n<p id=\"u47649-4\">* Completar el formulario de solicitud de informaci\u00f3n.<\/p>\n<p id=\"u47649-6\">* Se procede a la revisi\u00f3n de dicho documento con la finalidad de verificar que est\u00e1 debidamente completada(o).<\/p>\n<p id=\"u47649-8\">* Se hace entrega de acuse de recibo al solicitante.<\/p>\n<p id=\"u47649-10\">* Seg\u00fan la complejidad de la informaci\u00f3n, se asigna una fecha de entrega. En caso de no ser la TSS la entidad competente para ofrecer la informaci\u00f3n requerida, dicha solicitud se refiere a la instituci\u00f3n correspondiente y se le informa al solicitante, el curso que ha tomado su solicitud y la instituci\u00f3n destinataria.<\/p>\n<p id=\"u47649-12\">* Seguimiento de la(s) solicitud(es) hasta confirmar que se ha suministrado la informaci\u00f3n.<\/p>\n<\/div>\n","protected":false},"excerpt":{"rendered":"Oficina de Libre Acceso a la Informaci\u00f3n P\u00fablica Definici\u00f3n OAI\u00a0(Oficina de Acceso a la Informaci\u00f3n) La Oficina de Acceso a la Informaci\u00f3n (OAI), es un mandato de la Ley General de Libre Acceso a la Informaci\u00f3n P\u00fablica Ley 200-04 y el Decreto No. 130-05 que crea el reglamento de dicha ley, con el objetivo de&#8230;","protected":false},"author":3,"featured_media":0,"parent":0,"menu_order":0,"comment_status":"closed","ping_status":"closed","template":"","meta":[],"_links":{"self":[{"href":"https:\/\/juntamunicipalsanjosedeelpuerto.gob.do\/transparencia\/wp-json\/wp\/v2\/pages\/78"}],"collection":[{"href":"https:\/\/juntamunicipalsanjosedeelpuerto.gob.do\/transparencia\/wp-json\/wp\/v2\/pages"}],"about":[{"href":"https:\/\/juntamunicipalsanjosedeelpuerto.gob.do\/transparencia\/wp-json\/wp\/v2\/types\/page"}],"author":[{"embeddable":true,"href":"https:\/\/juntamunicipalsanjosedeelpuerto.gob.do\/transparencia\/wp-json\/wp\/v2\/users\/3"}],"replies":[{"embeddable":true,"href":"https:\/\/juntamunicipalsanjosedeelpuerto.gob.do\/transparencia\/wp-json\/wp\/v2\/comments?post=78"}],"version-history":[{"count":4,"href":"https:\/\/juntamunicipalsanjosedeelpuerto.gob.do\/transparencia\/wp-json\/wp\/v2\/pages\/78\/revisions"}],"predecessor-version":[{"id":383,"href":"https:\/\/juntamunicipalsanjosedeelpuerto.gob.do\/transparencia\/wp-json\/wp\/v2\/pages\/78\/revisions\/383"}],"wp:attachment":[{"href":"https:\/\/juntamunicipalsanjosedeelpuerto.gob.do\/transparencia\/wp-json\/wp\/v2\/media?parent=78"}],"curies":[{"name":"wp","href":"https:\/\/api.w.org\/{rel}","templated":true}]}}