{"id":258,"date":"2018-01-22T10:17:40","date_gmt":"2018-01-22T14:17:40","guid":{"rendered":"http:\/\/ayuntamiento.o\/transparencia\/?page_id=258"},"modified":"2025-11-24T10:06:03","modified_gmt":"2025-11-24T14:06:03","slug":"responsable-de-acceso-a-la-informacion","status":"publish","type":"page","link":"https:\/\/juntamunicipalsanjosedeelpuerto.gob.do\/transparencia\/responsable-de-acceso-a-la-informacion\/","title":{"rendered":"Responsable de Acceso a la Informaci\u00f3n"},"content":{"rendered":"<p class=\"paragraph ng-attr-widget\">\n<\/p><p class=\"paragraph ng-attr-widget\"><\/p>\n\n\n<p>\u00a0<\/p>\n<p>\u00a0<\/p>\n<div class=\"\">\n<h2 class=\"title\">Descripci\u00f3n del servicio<\/h2>\n<div class=\"info\">\n<p>La funci\u00f3n de este servicio en nuestra Junta Municipal es transmitir y facilitar las informaciones requeridas, y ser el canal de comunicaci\u00f3n entre la junta municipal y los ciudadanos, realizando dicho servicio de manera digna y transparente.<\/p>\n<ul>\n<li><strong>VISI\u00d3N<\/strong><\/li>\n<\/ul>\n<p>Darles prioridad a los valores de eficiencia, honestidad, integridad y calidad, trabajando con esfuerzo, dedicaci\u00f3n y transparencia institucional.<\/p>\n<ul>\n<li><strong>MISION<\/strong><\/li>\n<\/ul>\n<p>Nuestro objetivo y nuestra misi\u00f3n es garantizar el acceso a los ciudadanos a la informaci\u00f3n de la gesti\u00f3n, la cual se trabaja y se proyecta en la instituci\u00f3n, como una forma de validar y darle veracidad a la transparencia de la instituci\u00f3n.<\/p>\n<p>La oficina de el libre acceso a la informaci\u00f3n p\u00fablica (OAI), es un mandato de la ley general de libre acceso a la informaci\u00f3n p\u00fablica, ley 200-04 y el decreto No.130-05, que crea el reglamento de dicha ley.<\/p>\n<\/div>\n<\/div>\n<div class=\"\">\n<h2 class=\"title\">A qui\u00e9n va dirigido<\/h2>\n<div class=\"info\">\u00a0<\/div>\n<\/div>\n","protected":false},"excerpt":{"rendered":"\u00a0 \u00a0 Descripci\u00f3n del servicio La funci\u00f3n de este servicio en nuestra Junta Municipal es transmitir y facilitar las informaciones requeridas, y ser el canal de comunicaci\u00f3n entre la junta municipal y los ciudadanos, realizando dicho servicio de manera digna y transparente. VISI\u00d3N Darles prioridad a los valores de eficiencia, honestidad, integridad y calidad, trabajando&#8230;","protected":false},"author":3,"featured_media":0,"parent":0,"menu_order":0,"comment_status":"closed","ping_status":"closed","template":"","meta":[],"_links":{"self":[{"href":"https:\/\/juntamunicipalsanjosedeelpuerto.gob.do\/transparencia\/wp-json\/wp\/v2\/pages\/258"}],"collection":[{"href":"https:\/\/juntamunicipalsanjosedeelpuerto.gob.do\/transparencia\/wp-json\/wp\/v2\/pages"}],"about":[{"href":"https:\/\/juntamunicipalsanjosedeelpuerto.gob.do\/transparencia\/wp-json\/wp\/v2\/types\/page"}],"author":[{"embeddable":true,"href":"https:\/\/juntamunicipalsanjosedeelpuerto.gob.do\/transparencia\/wp-json\/wp\/v2\/users\/3"}],"replies":[{"embeddable":true,"href":"https:\/\/juntamunicipalsanjosedeelpuerto.gob.do\/transparencia\/wp-json\/wp\/v2\/comments?post=258"}],"version-history":[{"count":4,"href":"https:\/\/juntamunicipalsanjosedeelpuerto.gob.do\/transparencia\/wp-json\/wp\/v2\/pages\/258\/revisions"}],"predecessor-version":[{"id":389,"href":"https:\/\/juntamunicipalsanjosedeelpuerto.gob.do\/transparencia\/wp-json\/wp\/v2\/pages\/258\/revisions\/389"}],"wp:attachment":[{"href":"https:\/\/juntamunicipalsanjosedeelpuerto.gob.do\/transparencia\/wp-json\/wp\/v2\/media?parent=258"}],"curies":[{"name":"wp","href":"https:\/\/api.w.org\/{rel}","templated":true}]}}